{"id":215,"date":"2026-01-26T04:34:43","date_gmt":"2026-01-26T04:34:43","guid":{"rendered":"http:\/\/tami-wordpress.test\/?page_id=215"},"modified":"2026-02-04T03:13:59","modified_gmt":"2026-02-04T03:13:59","slug":"tin-tuc","status":"publish","type":"page","link":"https:\/\/tami.skydemo.vn\/en\/tin-tuc\/","title":{"rendered":"Tin t\u1ee9c"},"content":{"rendered":"<div data-elementor-type=\"wp-page\" data-elementor-id=\"215\" class=\"elementor elementor-215\">\n\t\t\t\t\t\t<section class=\"elementor-section elementor-top-section elementor-element elementor-element-729b2a7 elementor-section-boxed elementor-section-height-default elementor-section-height-default\" data-id=\"729b2a7\" data-element_type=\"section\">\n\t\t\t\t\t\t<div class=\"elementor-container elementor-column-gap-default\">\n\t\t\t\t\t<div class=\"elementor-column elementor-col-100 elementor-top-column elementor-element elementor-element-b5c8bc0\" data-id=\"b5c8bc0\" data-element_type=\"column\">\n\t\t\t<div class=\"elementor-widget-wrap elementor-element-populated\">\n\t\t\t\t\t\t<div class=\"elementor-element elementor-element-7f6d0c0 elementor-widget elementor-widget-html\" data-id=\"7f6d0c0\" data-element_type=\"widget\" data-widget_type=\"html.default\">\n\t\t\t\t<div class=\"elementor-widget-container\">\n\t\t\t\t\t<div class=\"p-infrastructure\">\r\n        <div class=\"background\">\r\n            <img decoding=\"async\" src=\"\/images\/new-bg.jpg\" alt=\"err\">\r\n            <div class=\"content container\">\r\n                <div class=\"breadcrumb\">\r\n                    <svg width=\"20\" height=\"20\" viewbox=\"0 0 20 20\" fill=\"none\" xmlns=\"http:\/\/www.w3.org\/2000\/svg\">\r\n                        <path d=\"M3.125 8.28125V17.5C3.125 17.6658 3.19085 17.8247 3.30806 17.9419C3.42527 18.0592 3.58424 18.125 3.75 18.125H7.5V12.8125C7.5 12.5639 7.59877 12.3254 7.77459 12.1496C7.9504 11.9738 8.18886 11.875 8.4375 11.875H11.5625C11.8111 11.875 12.0496 11.9738 12.2254 12.1496C12.4012 12.3254 12.5 12.5639 12.5 12.8125V18.125H16.25C16.4158 18.125 16.5747 18.0592 16.6919 17.9419C16.8092 17.8247 16.875 17.6658 16.875 17.5V8.28125\" stroke=\"white\" stroke-width=\"1.2\" stroke-linecap=\"round\" stroke-linejoin=\"round\"\/>\r\n                        <path d=\"M18.75 9.99981L10.4254 2.03106C10.2301 1.82481 9.77344 1.82246 9.57461 2.03106L1.25 9.99981M15.625 6.99199V2.49981H13.75V5.19512\" stroke=\"white\" stroke-width=\"1.2\" stroke-linecap=\"round\" stroke-linejoin=\"round\"\/>\r\n                    <\/svg>\r\n                    <p>Trang ch\u1ee7 \/ Tin t\u1ee9c<\/p>\r\n                <\/div>\r\n                <div class=\"title\">\r\n                    <h3>Tin t\u1ee9c<\/h3>\r\n                    <h4>Tin t\u1ee9c<\/h4>\r\n                <\/div>\r\n            <\/div>\r\n        <\/div>\r\n    <\/div>\t\t\t\t<\/div>\n\t\t\t\t<\/div>\n\t\t\t\t<div class=\"elementor-element elementor-element-dbe83ad elementor-widget elementor-widget-spacer\" data-id=\"dbe83ad\" data-element_type=\"widget\" data-widget_type=\"spacer.default\">\n\t\t\t\t<div class=\"elementor-widget-container\">\n\t\t\t\t\t\t\t<div class=\"elementor-spacer\">\n\t\t\t<div class=\"elementor-spacer-inner\"><\/div>\n\t\t<\/div>\n\t\t\t\t\t\t<\/div>\n\t\t\t\t<\/div>\n\t\t\t\t\t<\/div>\n\t\t<\/div>\n\t\t\t\t\t<\/div>\n\t\t<\/section>\n\t\t\t\t<section class=\"elementor-section elementor-top-section elementor-element elementor-element-2464208 l-container elementor-section-boxed elementor-section-height-default elementor-section-height-default\" data-id=\"2464208\" data-element_type=\"section\">\n\t\t\t\t\t\t<div class=\"elementor-container elementor-column-gap-default\">\n\t\t\t\t\t<div class=\"elementor-column elementor-col-100 elementor-top-column elementor-element elementor-element-55b76b2\" data-id=\"55b76b2\" data-element_type=\"column\">\n\t\t\t<div class=\"elementor-widget-wrap elementor-element-populated\">\n\t\t\t\t\t\t<div class=\"elementor-element elementor-element-33a3951 elementor-grid-1 elementor-grid-tablet-2 elementor-grid-mobile-1 elementor-posts--thumbnail-top elementor-widget elementor-widget-posts\" data-id=\"33a3951\" data-element_type=\"widget\" data-settings=\"{&quot;classic_columns&quot;:&quot;1&quot;,&quot;classic_row_gap&quot;:{&quot;unit&quot;:&quot;px&quot;,&quot;size&quot;:40,&quot;sizes&quot;:[]},&quot;pagination_type&quot;:&quot;numbers_and_prev_next&quot;,&quot;classic_columns_tablet&quot;:&quot;2&quot;,&quot;classic_columns_mobile&quot;:&quot;1&quot;,&quot;classic_row_gap_tablet&quot;:{&quot;unit&quot;:&quot;px&quot;,&quot;size&quot;:&quot;&quot;,&quot;sizes&quot;:[]},&quot;classic_row_gap_mobile&quot;:{&quot;unit&quot;:&quot;px&quot;,&quot;size&quot;:&quot;&quot;,&quot;sizes&quot;:[]}}\" data-widget_type=\"posts.classic\">\n\t\t\t\t<div class=\"elementor-widget-container\">\n\t\t\t\t\t\t\t<div class=\"elementor-posts-container elementor-posts elementor-posts--skin-classic elementor-grid\">\n\t\t\t\t<article class=\"elementor-post elementor-grid-item post-715 post type-post status-publish format-standard has-post-thumbnail hentry category-news\">\n\t\t\t\t<a class=\"elementor-post__thumbnail__link\" href=\"https:\/\/tami.skydemo.vn\/en\/14-tep-lenh-lap-trinh-plc-s7-201\/\" >\n\t\t\t<div class=\"elementor-post__thumbnail\"><img fetchpriority=\"high\" decoding=\"async\" width=\"700\" height=\"399\" src=\"https:\/\/tami.skydemo.vn\/wp-content\/uploads\/2026\/01\/post1.jpg\" class=\"attachment-full size-full wp-image-235\" alt=\"\" srcset=\"https:\/\/tami.skydemo.vn\/wp-content\/uploads\/2026\/01\/post1.jpg 700w, https:\/\/tami.skydemo.vn\/wp-content\/uploads\/2026\/01\/post1-300x171.jpg 300w, https:\/\/tami.skydemo.vn\/wp-content\/uploads\/2026\/01\/post1-18x10.jpg 18w\" sizes=\"(max-width: 700px) 100vw, 700px\" \/><\/div>\n\t\t<\/a>\n\t\t\t\t<div class=\"elementor-post__text\">\n\t\t\t\t<h3 class=\"elementor-post__title\">\n\t\t\t<a href=\"https:\/\/tami.skydemo.vn\/en\/14-tep-lenh-lap-trinh-plc-s7-201\/\" >\n\t\t\t\t14 T\u1ec7p L\u1ec7nh L\u1eadp Tr\u00ecnh PLC S7-201\t\t\t<\/a>\n\t\t<\/h3>\n\t\t\t\t<div class=\"elementor-post__meta-data\">\n\t\t\t\t\t<span class=\"elementor-post-date\">\n\t\t\t02-02-2026\t\t<\/span>\n\t\t\t\t<\/div>\n\t\t\t\t<div class=\"elementor-post__excerpt\">\n\t\t\t<p>Home \/ L\u1eadp tr\u00ecnh PLC S7 200 \u0111\u00e3 c\u00f3 kh\u00e1 l\u00e2u r\u1ed3i, tuy \u1edf c\u00e1c nh\u00e0 m\u00e1y, x\u01b0\u1edfng s\u1ea3n xu\u1ea5t \u00edt c\u00f2n s\u1eed d\u1ee5ng nh\u01b0ng trong c\u00e1c tr\u01b0\u1eddng \u0111\u1ea1i h\u1ecdc, cao \u0111\u1eb3ng, ngh\u1ec1 v\u1eabn c\u00f2n d\u00f9ng trong gi\u1ea3ng d\u1ea1y v\u00e0 t\u1ea1o b\u01b0\u1edbc ti\u1ec1n \u0111\u1ec1 cho sinh vi\u00ean l\u00e0m quen v\u1edbi chuy\u00ean ng\u00e0nh \u0111i\u1ec1u khi\u1ec3n l\u1eadp tr\u00ecnh. ALPHA TECH PLC\u00a0xin g\u1eedi t\u1edbi b\u1ea1n \u0111\u1ecdc\u00a0T\u00e0i li\u1ec7u:\u00a014 T\u1eadp L\u1ec7nh L\u1eadp Tr\u00ecnh PLC S7-200\u00a0g\u1ed3m: L\u1ec7nh Logic v\u1edbi bit L\u1ec7nh So s\u00e1nh L\u1ec7nh Chuy\u1ec3n \u0111\u1ed5i L\u1ec7nh \u0110\u1ecbnh th\u1eddi L\u1ec7nh B\u1ed9 \u0111\u1ebfm L\u1ec7nh d\u1ecbch chuy\u1ec3n \u00f4 nh\u1edb L\u1ec7nh v\u1edbi B\u1ea3ng L\u1ec7nh To\u00e1n s\u1ed1 h\u1ecdc L\u1ec7nh v\u00f2ng l\u1eb7p PID L\u1ec7nh d\u1ecbch v\u00e0 quay L\u1ec7nh ph\u00e9p to\u00e1n Logic C\u00e1c l\u1ec7nh \u0111i\u1ec1u khi\u1ec3n ch\u01b0\u01a1ng tr\u00ecnh L\u1ec7nh ch\u01b0\u01a1ng tr\u00ecnh con L\u1ec7nh ng\u1eaft L\u1eadp tr\u00ecnh PLC S7 200 \u0111\u00e3 c\u00f3 kh\u00e1 l\u00e2u r\u1ed3i, tuy \u1edf c\u00e1c nh\u00e0 m\u00e1y, x\u01b0\u1edfng s\u1ea3n xu\u1ea5t \u00edt c\u00f2n s\u1eed d\u1ee5ng nh\u01b0ng trong c\u00e1c tr\u01b0\u1eddng \u0111\u1ea1i h\u1ecdc, cao \u0111\u1eb3ng, ngh\u1ec1 v\u1eabn c\u00f2n d\u00f9ng trong gi\u1ea3ng d\u1ea1y v\u00e0 t\u1ea1o b\u01b0\u1edbc ti\u1ec1n \u0111\u1ec1 cho sinh vi\u00ean l\u00e0m quen v\u1edbi chuy\u00ean ng\u00e0nh \u0111i\u1ec1u khi\u1ec3n l\u1eadp tr\u00ecnh. ALPHA TECH PLC\u00a0xin g\u1eedi t\u1edbi b\u1ea1n \u0111\u1ecdc\u00a0T\u00e0i li\u1ec7u:\u00a014 T\u1eadp L\u1ec7nh L\u1eadp Tr\u00ecnh PLC S7-200\u00a0g\u1ed3m: L\u1ec7nh Logic v\u1edbi bit L\u1ec7nh So s\u00e1nh L\u1ec7nh Chuy\u1ec3n \u0111\u1ed5i L\u1ec7nh \u0110\u1ecbnh th\u1eddi L\u1ec7nh B\u1ed9 \u0111\u1ebfm L\u1ec7nh d\u1ecbch chuy\u1ec3n \u00f4 nh\u1edb L\u1ec7nh v\u1edbi B\u1ea3ng L\u1ec7nh To\u00e1n s\u1ed1 h\u1ecdc L\u1ec7nh v\u00f2ng l\u1eb7p PID L\u1ec7nh d\u1ecbch v\u00e0 quay L\u1ec7nh ph\u00e9p to\u00e1n Logic C\u00e1c l\u1ec7nh \u0111i\u1ec1u khi\u1ec3n ch\u01b0\u01a1ng tr\u00ecnh L\u1ec7nh ch\u01b0\u01a1ng tr\u00ecnh con L\u1ec7nh ng\u1eaft<\/p>\n\t\t<\/div>\n\t\t\n\t\t<a class=\"elementor-post__read-more\" href=\"https:\/\/tami.skydemo.vn\/en\/14-tep-lenh-lap-trinh-plc-s7-201\/\" >\n\t\t\tXem th\u00eam\t\t<\/a>\n\n\t\t\t\t<\/div>\n\t\t\t\t<\/article>\n\t\t\t\t<article class=\"elementor-post elementor-grid-item post-713 post type-post status-publish format-standard has-post-thumbnail hentry category-news\">\n\t\t\t\t<a class=\"elementor-post__thumbnail__link\" href=\"https:\/\/tami.skydemo.vn\/en\/14-tep-lenh-lap-trinh-plc-s7-200\/\" >\n\t\t\t<div class=\"elementor-post__thumbnail\"><img fetchpriority=\"high\" decoding=\"async\" width=\"700\" height=\"399\" src=\"https:\/\/tami.skydemo.vn\/wp-content\/uploads\/2026\/01\/post1.jpg\" class=\"attachment-full size-full wp-image-235\" alt=\"\" srcset=\"https:\/\/tami.skydemo.vn\/wp-content\/uploads\/2026\/01\/post1.jpg 700w, https:\/\/tami.skydemo.vn\/wp-content\/uploads\/2026\/01\/post1-300x171.jpg 300w, https:\/\/tami.skydemo.vn\/wp-content\/uploads\/2026\/01\/post1-18x10.jpg 18w\" sizes=\"(max-width: 700px) 100vw, 700px\" \/><\/div>\n\t\t<\/a>\n\t\t\t\t<div class=\"elementor-post__text\">\n\t\t\t\t<h3 class=\"elementor-post__title\">\n\t\t\t<a href=\"https:\/\/tami.skydemo.vn\/en\/14-tep-lenh-lap-trinh-plc-s7-200\/\" >\n\t\t\t\t14 T\u1ec7p L\u1ec7nh L\u1eadp Tr\u00ecnh PLC S7-200\t\t\t<\/a>\n\t\t<\/h3>\n\t\t\t\t<div class=\"elementor-post__meta-data\">\n\t\t\t\t\t<span class=\"elementor-post-date\">\n\t\t\t02-02-2026\t\t<\/span>\n\t\t\t\t<\/div>\n\t\t\t\t<div class=\"elementor-post__excerpt\">\n\t\t\t<p>Home \/ L\u1eadp tr\u00ecnh PLC S7 200 \u0111\u00e3 c\u00f3 kh\u00e1 l\u00e2u r\u1ed3i, tuy \u1edf c\u00e1c nh\u00e0 m\u00e1y, x\u01b0\u1edfng s\u1ea3n xu\u1ea5t \u00edt c\u00f2n s\u1eed d\u1ee5ng nh\u01b0ng trong c\u00e1c tr\u01b0\u1eddng \u0111\u1ea1i h\u1ecdc, cao \u0111\u1eb3ng, ngh\u1ec1 v\u1eabn c\u00f2n d\u00f9ng trong gi\u1ea3ng d\u1ea1y v\u00e0 t\u1ea1o b\u01b0\u1edbc ti\u1ec1n \u0111\u1ec1 cho sinh vi\u00ean l\u00e0m quen v\u1edbi chuy\u00ean ng\u00e0nh \u0111i\u1ec1u khi\u1ec3n l\u1eadp tr\u00ecnh. ALPHA TECH PLC\u00a0xin g\u1eedi t\u1edbi b\u1ea1n \u0111\u1ecdc\u00a0T\u00e0i li\u1ec7u:\u00a014 T\u1eadp L\u1ec7nh L\u1eadp Tr\u00ecnh PLC S7-200\u00a0g\u1ed3m: L\u1ec7nh Logic v\u1edbi bit L\u1ec7nh So s\u00e1nh L\u1ec7nh Chuy\u1ec3n \u0111\u1ed5i L\u1ec7nh \u0110\u1ecbnh th\u1eddi L\u1ec7nh B\u1ed9 \u0111\u1ebfm L\u1ec7nh d\u1ecbch chuy\u1ec3n \u00f4 nh\u1edb L\u1ec7nh v\u1edbi B\u1ea3ng L\u1ec7nh To\u00e1n s\u1ed1 h\u1ecdc L\u1ec7nh v\u00f2ng l\u1eb7p PID L\u1ec7nh d\u1ecbch v\u00e0 quay L\u1ec7nh ph\u00e9p to\u00e1n Logic C\u00e1c l\u1ec7nh \u0111i\u1ec1u khi\u1ec3n ch\u01b0\u01a1ng tr\u00ecnh L\u1ec7nh ch\u01b0\u01a1ng tr\u00ecnh con L\u1ec7nh ng\u1eaft L\u1eadp tr\u00ecnh PLC S7 200 \u0111\u00e3 c\u00f3 kh\u00e1 l\u00e2u r\u1ed3i, tuy \u1edf c\u00e1c nh\u00e0 m\u00e1y, x\u01b0\u1edfng s\u1ea3n xu\u1ea5t \u00edt c\u00f2n s\u1eed d\u1ee5ng nh\u01b0ng trong c\u00e1c tr\u01b0\u1eddng \u0111\u1ea1i h\u1ecdc, cao \u0111\u1eb3ng, ngh\u1ec1 v\u1eabn c\u00f2n d\u00f9ng trong gi\u1ea3ng d\u1ea1y v\u00e0 t\u1ea1o b\u01b0\u1edbc ti\u1ec1n \u0111\u1ec1 cho sinh vi\u00ean l\u00e0m quen v\u1edbi chuy\u00ean ng\u00e0nh \u0111i\u1ec1u khi\u1ec3n l\u1eadp tr\u00ecnh. ALPHA TECH PLC\u00a0xin g\u1eedi t\u1edbi b\u1ea1n \u0111\u1ecdc\u00a0T\u00e0i li\u1ec7u:\u00a014 T\u1eadp L\u1ec7nh L\u1eadp Tr\u00ecnh PLC S7-200\u00a0g\u1ed3m: L\u1ec7nh Logic v\u1edbi bit L\u1ec7nh So s\u00e1nh L\u1ec7nh Chuy\u1ec3n \u0111\u1ed5i L\u1ec7nh \u0110\u1ecbnh th\u1eddi L\u1ec7nh B\u1ed9 \u0111\u1ebfm L\u1ec7nh d\u1ecbch chuy\u1ec3n \u00f4 nh\u1edb L\u1ec7nh v\u1edbi B\u1ea3ng L\u1ec7nh To\u00e1n s\u1ed1 h\u1ecdc L\u1ec7nh v\u00f2ng l\u1eb7p PID L\u1ec7nh d\u1ecbch v\u00e0 quay L\u1ec7nh ph\u00e9p to\u00e1n Logic C\u00e1c l\u1ec7nh \u0111i\u1ec1u khi\u1ec3n ch\u01b0\u01a1ng tr\u00ecnh L\u1ec7nh ch\u01b0\u01a1ng tr\u00ecnh con L\u1ec7nh ng\u1eaft<\/p>\n\t\t<\/div>\n\t\t\n\t\t<a class=\"elementor-post__read-more\" href=\"https:\/\/tami.skydemo.vn\/en\/14-tep-lenh-lap-trinh-plc-s7-200\/\" >\n\t\t\tXem th\u00eam\t\t<\/a>\n\n\t\t\t\t<\/div>\n\t\t\t\t<\/article>\n\t\t\t\t<\/div>\n\n\n\t\t\n\t\t\t\t\t\t<\/div>\n\t\t\t\t<\/div>\n\t\t\t\t<div class=\"elementor-element elementor-element-0220624 elementor-widget elementor-widget-spacer\" data-id=\"0220624\" data-element_type=\"widget\" data-widget_type=\"spacer.default\">\n\t\t\t\t<div class=\"elementor-widget-container\">\n\t\t\t\t\t\t\t<div class=\"elementor-spacer\">\n\t\t\t<div class=\"elementor-spacer-inner\"><\/div>\n\t\t<\/div>\n\t\t\t\t\t\t<\/div>\n\t\t\t\t<\/div>\n\t\t\t\t\t<\/div>\n\t\t<\/div>\n\t\t\t\t\t<\/div>\n\t\t<\/section>\n\t\t\t\t<section class=\"elementor-section elementor-top-section elementor-element elementor-element-3b74a39 elementor-section-boxed elementor-section-height-default elementor-section-height-default\" data-id=\"3b74a39\" data-element_type=\"section\">\n\t\t\t\t\t\t<div class=\"elementor-container elementor-column-gap-default\">\n\t\t\t\t\t<div class=\"elementor-column elementor-col-100 elementor-top-column elementor-element elementor-element-99adbbf\" data-id=\"99adbbf\" data-element_type=\"column\">\n\t\t\t<div class=\"elementor-widget-wrap elementor-element-populated\">\n\t\t\t\t\t\t<div class=\"elementor-element elementor-element-cb8c418 elementor-widget elementor-widget-html\" data-id=\"cb8c418\" data-element_type=\"widget\" data-widget_type=\"html.default\">\n\t\t\t\t<div class=\"elementor-widget-container\">\n\t\t\t\t\t<section id=\"cta\" class=\"cta-section\">\r\n    <div class=\"container\">\r\n      <div class=\"cta-content\">\r\n        <div class=\"pill\">Li\u00ean h\u1ec7<\/div>\r\n        <h2 class=\"section-title\">Li\u00ean H\u1ec7 V\u1edbi Ch\u00fang T\u00f4i<\/h2>\r\n        <p class=\"cta-desc\">C\u00f9ng kh\u00e1m ph\u00e1 nh\u1eefng g\u00ec t\u1ed1t nh\u1ea5t.<\/p>\r\n        <a href=\"\/en\/lien-he\/\" class=\"btn-primary\">\r\n          Li\u00ean h\u1ec7 ngay\r\n          <img decoding=\"async\" src=\"\/images\/I77755_1474_5707_8318_812_7344.svg\" alt=\"Arrow\">\r\n        <\/a>\r\n      <\/div>\r\n    <\/div>\r\n  <\/section>\t\t\t\t<\/div>\n\t\t\t\t<\/div>\n\t\t\t\t\t<\/div>\n\t\t<\/div>\n\t\t\t\t\t<\/div>\n\t\t<\/section>\n\t\t\t\t<\/div>","protected":false},"excerpt":{"rendered":"<p>Trang ch\u1ee7 \/ Tin t\u1ee9c Tin t\u1ee9c Tin t\u1ee9c Li\u00ean h\u1ec7 Li\u00ean H\u1ec7 V\u1edbi Ch\u00fang T\u00f4i C\u00f9ng kh\u00e1m ph\u00e1 nh\u1eefng g\u00ec t\u1ed1t nh\u1ea5t. Li\u00ean h\u1ec7 ngay<\/p>","protected":false},"author":1,"featured_media":0,"parent":0,"menu_order":0,"comment_status":"closed","ping_status":"closed","template":"","meta":{"_acf_changed":false,"footnotes":""},"class_list":["post-215","page","type-page","status-publish","hentry"],"acf":[],"_links":{"self":[{"href":"https:\/\/tami.skydemo.vn\/en\/wp-json\/wp\/v2\/pages\/215","targetHints":{"allow":["GET"]}}],"collection":[{"href":"https:\/\/tami.skydemo.vn\/en\/wp-json\/wp\/v2\/pages"}],"about":[{"href":"https:\/\/tami.skydemo.vn\/en\/wp-json\/wp\/v2\/types\/page"}],"author":[{"embeddable":true,"href":"https:\/\/tami.skydemo.vn\/en\/wp-json\/wp\/v2\/users\/1"}],"replies":[{"embeddable":true,"href":"https:\/\/tami.skydemo.vn\/en\/wp-json\/wp\/v2\/comments?post=215"}],"version-history":[{"count":0,"href":"https:\/\/tami.skydemo.vn\/en\/wp-json\/wp\/v2\/pages\/215\/revisions"}],"wp:attachment":[{"href":"https:\/\/tami.skydemo.vn\/en\/wp-json\/wp\/v2\/media?parent=215"}],"curies":[{"name":"wp","href":"https:\/\/api.w.org\/{rel}","templated":true}]}}