{"id":70,"date":"2026-01-14T04:21:24","date_gmt":"2026-01-14T04:21:24","guid":{"rendered":"http:\/\/tami.test\/?page_id=70"},"modified":"2026-02-06T08:49:10","modified_gmt":"2026-02-06T08:49:10","slug":"blog","status":"publish","type":"page","link":"https:\/\/tami.skydemo.vn\/ja\/blog\/","title":{"rendered":"Blogs"},"content":{"rendered":"<div data-elementor-type=\"wp-page\" data-elementor-id=\"70\" class=\"elementor elementor-70\">\n\t\t\t\t\t\t<section class=\"elementor-section elementor-top-section elementor-element elementor-element-d873278 elementor-section-boxed elementor-section-height-default elementor-section-height-default\" data-id=\"d873278\" data-element_type=\"section\">\n\t\t\t\t\t\t<div class=\"elementor-container elementor-column-gap-default\">\n\t\t\t\t\t<div class=\"elementor-column elementor-col-100 elementor-top-column elementor-element elementor-element-6c6d1ef\" data-id=\"6c6d1ef\" data-element_type=\"column\">\n\t\t\t<div class=\"elementor-widget-wrap elementor-element-populated\">\n\t\t\t\t\t\t<div class=\"elementor-element elementor-element-5a1a277 elementor-widget elementor-widget-html\" data-id=\"5a1a277\" data-element_type=\"widget\" data-widget_type=\"html.default\">\n\t\t\t\t<div class=\"elementor-widget-container\">\n\t\t\t\t\t<div class=\"p-infrastructure\">\r\n        <div class=\"background\">\r\n            <img decoding=\"async\" src=\"\/images\/blog-bg.jpg\" alt=\"err\">\r\n            <div class=\"content container\">\r\n                <div class=\"breadcrumb\">\r\n                    <svg width=\"20\" height=\"20\" viewbox=\"0 0 20 20\" fill=\"none\" xmlns=\"http:\/\/www.w3.org\/2000\/svg\">\r\n                        <path d=\"M3.125 8.28125V17.5C3.125 17.6658 3.19085 17.8247 3.30806 17.9419C3.42527 18.0592 3.58424 18.125 3.75 18.125H7.5V12.8125C7.5 12.5639 7.59877 12.3254 7.77459 12.1496C7.9504 11.9738 8.18886 11.875 8.4375 11.875H11.5625C11.8111 11.875 12.0496 11.9738 12.2254 12.1496C12.4012 12.3254 12.5 12.5639 12.5 12.8125V18.125H16.25C16.4158 18.125 16.5747 18.0592 16.6919 17.9419C16.8092 17.8247 16.875 17.6658 16.875 17.5V8.28125\" stroke=\"white\" stroke-width=\"1.2\" stroke-linecap=\"round\" stroke-linejoin=\"round\"\/>\r\n                        <path d=\"M18.75 9.99981L10.4254 2.03106C10.2301 1.82481 9.77344 1.82246 9.57461 2.03106L1.25 9.99981M15.625 6.99199V2.49981H13.75V5.19512\" stroke=\"white\" stroke-width=\"1.2\" stroke-linecap=\"round\" stroke-linejoin=\"round\"\/>\r\n                    <\/svg>\r\n                    <p>Trang ch\u1ee7 \/ T\u00c0I NGUY\u00caN \/ BLOG<\/p>\r\n                <\/div>\r\n                <div class=\"title\">\r\n                    <h3>BLOG<\/h3>\r\n                    <h4>BLOG<\/h4>\r\n                <\/div>\r\n            <\/div>\r\n        <\/div>\r\n    <\/div>\t\t\t\t<\/div>\n\t\t\t\t<\/div>\n\t\t\t\t\t<\/div>\n\t\t<\/div>\n\t\t\t\t\t<\/div>\n\t\t<\/section>\n\t\t\t\t<section class=\"elementor-section elementor-top-section elementor-element elementor-element-dea039a elementor-section-boxed elementor-section-height-default elementor-section-height-default\" data-id=\"dea039a\" data-element_type=\"section\">\n\t\t\t\t\t\t<div class=\"elementor-container elementor-column-gap-default\">\n\t\t\t\t\t<div class=\"elementor-column elementor-col-100 elementor-top-column elementor-element elementor-element-56ada3b\" data-id=\"56ada3b\" data-element_type=\"column\">\n\t\t\t<div class=\"elementor-widget-wrap elementor-element-populated\">\n\t\t\t\t\t\t<div class=\"elementor-element elementor-element-b9af9f1 elementor-widget elementor-widget-html\" data-id=\"b9af9f1\" data-element_type=\"widget\" data-widget_type=\"html.default\">\n\t\t\t\t<div class=\"elementor-widget-container\">\n\t\t\t\t\t<div class=\"p-blog\">\r\n        <div class=\"contact-us\">\r\n            <div class=\"content\">\r\n                <div class=\"commont-title\">\r\n                    <span>Blogs<\/span>\r\n                    <p>Kh\u00e1m ph\u00e1 th\u1ebf gi\u1edbi c\u00f4ng ngh\u1ec7 t\u01b0\u01a1ng lai v\u1edbi PC Control v\u00e0 Vision Technology. Chia s\u1ebb ki\u1ebfn th\u1ee9c, kinh nghi\u1ec7m v\u00e0 xu h\u01b0\u1edbng c\u00f4ng ngh\u1ec7 m\u1edbi nh\u1ea5t.<\/p>\r\n                <\/div>\r\n                <a>\r\n                    B\u1eaft \u0111\u1ea7u vi\u1ebft Blog\r\n                <\/a>\r\n            <\/div>\r\n        <\/div>\r\n    <\/div>\t\t\t\t<\/div>\n\t\t\t\t<\/div>\n\t\t\t\t\t<\/div>\n\t\t<\/div>\n\t\t\t\t\t<\/div>\n\t\t<\/section>\n\t\t\t\t<section class=\"elementor-section elementor-top-section elementor-element elementor-element-89541fa elementor-section-boxed elementor-section-height-default elementor-section-height-default\" data-id=\"89541fa\" data-element_type=\"section\">\n\t\t\t\t\t\t<div class=\"elementor-container elementor-column-gap-default\">\n\t\t\t\t\t<div class=\"elementor-column elementor-col-100 elementor-top-column elementor-element elementor-element-d2892e5\" data-id=\"d2892e5\" data-element_type=\"column\">\n\t\t\t<div class=\"elementor-widget-wrap elementor-element-populated\">\n\t\t\t\t\t\t<div class=\"elementor-element elementor-element-101e1a6 elementor-widget elementor-widget-shortcode\" data-id=\"101e1a6\" data-element_type=\"widget\" data-widget_type=\"shortcode.default\">\n\t\t\t\t<div class=\"elementor-widget-container\">\n\t\t\t\t\t\t\t<div class=\"elementor-shortcode\">\n<div class=\"p-blog\">\n    <div class=\"news-list\">\n                    \n            \n            <div class=\"news-card\">\n                <div class=\"news-bg\">\n                    <img decoding=\"async\" src=\"https:\/\/tami.skydemo.vn\/wp-content\/uploads\/2026\/01\/post1.jpg\" alt=\"Blog 02\">\n                <\/div>\n\n                <div class=\"news-overlay\"><\/div>\n\n                <div class=\"news-content\">\n                    <div class=\"news-meta\">\n                        <span class=\"tag\">\n                            <svg width=\"20\" height=\"20\" viewbox=\"0 0 20 20\" fill=\"none\" xmlns=\"http:\/\/www.w3.org\/2000\/svg\">\n                                <path d=\"M16.768 7.272C17.312 7.816 17.6773 8.448 17.864 9.168C18.0507 9.888 18.0507 10.6107 17.864 11.336C17.6773 12.0613 17.312 12.696 16.768 13.24L13.28 16.792C13.1413 16.9307 12.968 17 12.76 17C12.552 17 12.3733 16.9307 12.224 16.792C12.0747 16.6533 11.9973 16.48 11.992 16.272C11.9867 16.064 12.0587 15.8853 12.208 15.736L15.712 12.184C16.0533 11.832 16.2853 11.4213 16.408 10.952C16.5307 10.4827 16.5307 10.016 16.408 9.552C16.2853 9.088 16.0533 8.68 15.712 8.328L11.712 4.28C11.5627 4.13067 11.4907 3.952 11.496 3.744C11.5013 3.536 11.5787 3.36 11.728 3.216C11.8773 3.072 12.0533 3 12.256 3C12.4587 3 12.624 3.07467 12.752 3.224L16.768 7.272ZM6.496 6.472C6.496 6.76 6.4 7 6.208 7.192C6.016 7.384 5.77867 7.48 5.496 7.48C5.21333 7.48 4.976 7.384 4.784 7.192C4.592 7 4.496 6.76 4.496 6.472C4.496 6.216 4.59467 5.98667 4.792 5.784C4.98933 5.58133 5.224 5.48 5.496 5.48C5.768 5.48 6.00267 5.58133 6.2 5.784C6.39733 5.98667 6.496 6.216 6.496 6.472ZM14.832 8.84C15.088 9.096 15.2613 9.39467 15.352 9.736C15.4427 10.0773 15.4427 10.4213 15.352 10.768C15.2613 11.1147 15.088 11.416 14.832 11.672L10.672 15.848C10.416 16.104 10.1173 16.2773 9.776 16.368C9.43467 16.4587 9.09067 16.4587 8.744 16.368C8.39733 16.2773 8.096 16.104 7.84 15.848L2.592 10.584C2.4 10.4027 2.25333 10.1893 2.152 9.944C2.05067 9.69867 2 9.44267 2 9.176V4.504C2 4.088 2.14667 3.73333 2.44 3.44C2.73333 3.14667 3.088 3 3.504 3H8.176C8.44267 3 8.69867 3.05333 8.944 3.16C9.18933 3.26667 9.40267 3.41067 9.584 3.592L14.832 8.84ZM3.504 4.472V9.176C3.504 9.31467 3.552 9.432 3.648 9.528L8.896 14.776C8.992 14.8827 9.10933 14.936 9.248 14.936C9.38667 14.936 9.504 14.8827 9.6 14.776L13.776 10.616C13.872 10.52 13.92 10.4027 13.92 10.264C13.92 10.1253 13.872 10.008 13.776 9.912L8.528 4.648C8.38933 4.53067 8.272 4.472 8.176 4.472H3.504Z\" fill=\"white\"\/>\n                            <\/svg>\n                            Blogs                        <\/span>\n\n                        <span class=\"author\">\n                            <svg width=\"20\" height=\"20\" viewbox=\"0 0 20 20\" fill=\"none\" xmlns=\"http:\/\/www.w3.org\/2000\/svg\">\n                                <path d=\"M9.87019 10.1956C10.595 10.1956 11.2639 10.0171 11.8768 9.66003C12.4897 9.30295 12.9746 8.81796 13.3317 8.20507C13.6888 7.59217 13.8673 6.92332 13.8673 6.1985C13.8673 5.47369 13.6888 4.80483 13.3317 4.19193C12.9746 3.57904 12.4897 3.09405 11.8768 2.73697C11.2639 2.37989 10.595 2.20135 9.87019 2.20135C9.14537 2.20135 8.47652 2.37989 7.86362 2.73697C7.25073 3.09405 6.76574 3.57904 6.40866 4.19193C6.05158 4.80483 5.87304 5.47369 5.87304 6.1985C5.87304 6.92332 6.05158 7.59217 6.40866 8.20507C6.76574 8.81796 7.25073 9.30295 7.86362 9.66003C8.47652 10.0171 9.14537 10.1956 9.87019 10.1956ZM9.87019 3.19265C10.4138 3.19265 10.9148 3.32855 11.3731 3.60036C11.8315 3.87216 12.1939 4.23724 12.4603 4.69557C12.7268 5.15391 12.8601 5.65489 12.8601 6.1985C12.8601 6.74211 12.7268 7.24309 12.4603 7.70143C12.1939 8.15977 11.8315 8.52218 11.3731 8.78865C10.9148 9.05513 10.4138 9.18837 9.87019 9.18837C9.32658 9.18837 8.8256 9.05513 8.36726 8.78865C7.90892 8.52218 7.54385 8.15977 7.27204 7.70143C7.00024 7.24309 6.86433 6.74211 6.86433 6.1985C6.86433 5.65489 7.00024 5.15391 7.27204 4.69557C7.54385 4.23724 7.90892 3.87216 8.36726 3.60036C8.8256 3.32855 9.32658 3.19265 9.87019 3.19265ZM11.4531 11.6986H8.28732C7.30669 11.6986 6.39534 11.9437 5.55327 12.4341C4.73252 12.9137 4.08232 13.5586 3.60266 14.3687C3.11235 15.2107 2.86719 16.1221 2.86719 17.1027C2.86719 17.4012 2.97378 17.657 3.18696 17.8702C3.40014 18.0834 3.65596 18.1899 3.95441 18.1899H15.77C16.0791 18.1899 16.3376 18.0834 16.5454 17.8702C16.7533 17.657 16.8572 17.4012 16.8572 17.1027C16.8572 16.1221 16.612 15.2107 16.1217 14.3687C15.6421 13.5586 14.9919 12.9137 14.1711 12.4341C13.3397 11.9437 12.4337 11.6986 11.4531 11.6986ZM15.77 17.1986H3.95441C3.93309 17.1986 3.91444 17.188 3.89845 17.1667C3.88246 17.1454 3.87447 17.124 3.87447 17.1027C3.87447 16.3033 4.07166 15.5651 4.46605 14.8883C4.86043 14.2114 5.38805 13.6812 6.04892 13.2974C6.74176 12.8924 7.48789 12.6899 8.28732 12.6899H11.4371C12.2365 12.6899 12.9826 12.8924 13.6755 13.2974C14.3363 13.6812 14.8666 14.2114 15.2663 14.8883C15.6661 15.5651 15.8659 16.3033 15.8659 17.1027C15.8659 17.124 15.8553 17.1454 15.8339 17.1667C15.8126 17.188 15.7913 17.1986 15.77 17.1986Z\" fill=\"white\"\/>\n                            <\/svg>\n                            admin                        <\/span>\n                    <\/div>\n\n                    <h3 class=\"news-title\">\n                        <a href=\"https:\/\/tami.skydemo.vn\/ja\/blog-02\/\">\n                            Blog 02                        <\/a>\n                    <\/h3>\n\n                    <p class=\"desc\">\n                        Home \/ L\u1eadp tr\u00ecnh PLC S7 200 \u0111\u00e3 c\u00f3 kh\u00e1 l\u00e2u r\u1ed3i, tuy \u1edf c\u00e1c nh\u00e0 m\u00e1y, x\u01b0\u1edfng s\u1ea3n xu\u1ea5t \u00edt c\u00f2n s\u1eed d\u1ee5ng nh\u01b0ng trong c\u00e1c tr\u01b0\u1eddng \u0111\u1ea1i h\u1ecdc, cao \u0111\u1eb3ng, ngh\u1ec1 v\u1eabn c\u00f2n d\u00f9ng trong gi\u1ea3ng d\u1ea1y v\u00e0 t\u1ea1o b\u01b0\u1edbc ti\u1ec1n \u0111\u1ec1 cho sinh vi\u00ean l\u00e0m quen v\u1edbi chuy\u00ean ng\u00e0nh \u0111i\u1ec1u khi\u1ec3n l\u1eadp tr\u00ecnh.ALPHA TECH PLC\u00a0xin g\u1eedi t\u1edbi b\u1ea1n \u0111\u1ecdc\u00a0T\u00e0i li\u1ec7u:\u00a014 T\u1eadp L\u1ec7nh L\u1eadp Tr\u00ecnh PLC S7-200\u00a0g\u1ed3m:L\u1ec7nh Logic v\u1edbi bitL\u1ec7nh So s\u00e1nhL\u1ec7nh Chuy\u1ec3n \u0111\u1ed5iL\u1ec7nh \u0110\u1ecbnh th\u1eddiL\u1ec7nh B\u1ed9 \u0111\u1ebfmL\u1ec7nh d\u1ecbch chuy\u1ec3n \u00f4 nh\u1edbL\u1ec7nh v\u1edbi B\u1ea3ngL\u1ec7nh To\u00e1n s\u1ed1 h\u1ecdcL\u1ec7nh v\u00f2ng l\u1eb7p PIDL\u1ec7nh d\u1ecbch v\u00e0 quayL\u1ec7nh ph\u00e9p to\u00e1n LogicC\u00e1c l\u1ec7nh \u0111i\u1ec1u khi\u1ec3n ch\u01b0\u01a1ng tr\u00ecnhL\u1ec7nh ch\u01b0\u01a1ng tr\u00ecnh conL\u1ec7nh ng\u1eaft L\u1eadp tr\u00ecnh PLC S7 200 \u0111\u00e3 c\u00f3 kh\u00e1 l\u00e2u r\u1ed3i, tuy \u1edf c\u00e1c nh\u00e0 m\u00e1y, x\u01b0\u1edfng s\u1ea3n xu\u1ea5t \u00edt c\u00f2n s\u1eed d\u1ee5ng nh\u01b0ng trong c\u00e1c tr\u01b0\u1eddng \u0111\u1ea1i h\u1ecdc, cao \u0111\u1eb3ng, ngh\u1ec1 v\u1eabn c\u00f2n d\u00f9ng trong gi\u1ea3ng d\u1ea1y v\u00e0 t\u1ea1o b\u01b0\u1edbc ti\u1ec1n \u0111\u1ec1 cho sinh vi\u00ean l\u00e0m quen v\u1edbi chuy\u00ean ng\u00e0nh \u0111i\u1ec1u khi\u1ec3n l\u1eadp tr\u00ecnh.ALPHA TECH PLC\u00a0xin g\u1eedi t\u1edbi b\u1ea1n \u0111\u1ecdc\u00a0T\u00e0i li\u1ec7u:\u00a014 T\u1eadp L\u1ec7nh L\u1eadp Tr\u00ecnh PLC S7-200\u00a0g\u1ed3m:L\u1ec7nh Logic v\u1edbi bitL\u1ec7nh So s\u00e1nhL\u1ec7nh Chuy\u1ec3n \u0111\u1ed5iL\u1ec7nh \u0110\u1ecbnh th\u1eddiL\u1ec7nh B\u1ed9 \u0111\u1ebfmL\u1ec7nh d\u1ecbch chuy\u1ec3n \u00f4 nh\u1edbL\u1ec7nh v\u1edbi B\u1ea3ngL\u1ec7nh To\u00e1n s\u1ed1 h\u1ecdcL\u1ec7nh v\u00f2ng l\u1eb7p PIDL\u1ec7nh d\u1ecbch v\u00e0 quayL\u1ec7nh...                    <\/p>\n\n                    <a href=\"https:\/\/tami.skydemo.vn\/ja\/blog-02\/\" class=\"news-link\">\n                        Xem th\u00eam\n                    <\/a>\n                <\/div>\n            <\/div>\n\n            \n            <div class=\"news-card\">\n                <div class=\"news-bg\">\n                    <img decoding=\"async\" src=\"https:\/\/tami.skydemo.vn\/wp-content\/uploads\/2026\/01\/post1.jpg\" alt=\"Blog 01\">\n                <\/div>\n\n                <div class=\"news-overlay\"><\/div>\n\n                <div class=\"news-content\">\n                    <div class=\"news-meta\">\n                        <span class=\"tag\">\n                            <svg width=\"20\" height=\"20\" viewbox=\"0 0 20 20\" fill=\"none\" xmlns=\"http:\/\/www.w3.org\/2000\/svg\">\n                                <path d=\"M16.768 7.272C17.312 7.816 17.6773 8.448 17.864 9.168C18.0507 9.888 18.0507 10.6107 17.864 11.336C17.6773 12.0613 17.312 12.696 16.768 13.24L13.28 16.792C13.1413 16.9307 12.968 17 12.76 17C12.552 17 12.3733 16.9307 12.224 16.792C12.0747 16.6533 11.9973 16.48 11.992 16.272C11.9867 16.064 12.0587 15.8853 12.208 15.736L15.712 12.184C16.0533 11.832 16.2853 11.4213 16.408 10.952C16.5307 10.4827 16.5307 10.016 16.408 9.552C16.2853 9.088 16.0533 8.68 15.712 8.328L11.712 4.28C11.5627 4.13067 11.4907 3.952 11.496 3.744C11.5013 3.536 11.5787 3.36 11.728 3.216C11.8773 3.072 12.0533 3 12.256 3C12.4587 3 12.624 3.07467 12.752 3.224L16.768 7.272ZM6.496 6.472C6.496 6.76 6.4 7 6.208 7.192C6.016 7.384 5.77867 7.48 5.496 7.48C5.21333 7.48 4.976 7.384 4.784 7.192C4.592 7 4.496 6.76 4.496 6.472C4.496 6.216 4.59467 5.98667 4.792 5.784C4.98933 5.58133 5.224 5.48 5.496 5.48C5.768 5.48 6.00267 5.58133 6.2 5.784C6.39733 5.98667 6.496 6.216 6.496 6.472ZM14.832 8.84C15.088 9.096 15.2613 9.39467 15.352 9.736C15.4427 10.0773 15.4427 10.4213 15.352 10.768C15.2613 11.1147 15.088 11.416 14.832 11.672L10.672 15.848C10.416 16.104 10.1173 16.2773 9.776 16.368C9.43467 16.4587 9.09067 16.4587 8.744 16.368C8.39733 16.2773 8.096 16.104 7.84 15.848L2.592 10.584C2.4 10.4027 2.25333 10.1893 2.152 9.944C2.05067 9.69867 2 9.44267 2 9.176V4.504C2 4.088 2.14667 3.73333 2.44 3.44C2.73333 3.14667 3.088 3 3.504 3H8.176C8.44267 3 8.69867 3.05333 8.944 3.16C9.18933 3.26667 9.40267 3.41067 9.584 3.592L14.832 8.84ZM3.504 4.472V9.176C3.504 9.31467 3.552 9.432 3.648 9.528L8.896 14.776C8.992 14.8827 9.10933 14.936 9.248 14.936C9.38667 14.936 9.504 14.8827 9.6 14.776L13.776 10.616C13.872 10.52 13.92 10.4027 13.92 10.264C13.92 10.1253 13.872 10.008 13.776 9.912L8.528 4.648C8.38933 4.53067 8.272 4.472 8.176 4.472H3.504Z\" fill=\"white\"\/>\n                            <\/svg>\n                            Blogs                        <\/span>\n\n                        <span class=\"author\">\n                            <svg width=\"20\" height=\"20\" viewbox=\"0 0 20 20\" fill=\"none\" xmlns=\"http:\/\/www.w3.org\/2000\/svg\">\n                                <path d=\"M9.87019 10.1956C10.595 10.1956 11.2639 10.0171 11.8768 9.66003C12.4897 9.30295 12.9746 8.81796 13.3317 8.20507C13.6888 7.59217 13.8673 6.92332 13.8673 6.1985C13.8673 5.47369 13.6888 4.80483 13.3317 4.19193C12.9746 3.57904 12.4897 3.09405 11.8768 2.73697C11.2639 2.37989 10.595 2.20135 9.87019 2.20135C9.14537 2.20135 8.47652 2.37989 7.86362 2.73697C7.25073 3.09405 6.76574 3.57904 6.40866 4.19193C6.05158 4.80483 5.87304 5.47369 5.87304 6.1985C5.87304 6.92332 6.05158 7.59217 6.40866 8.20507C6.76574 8.81796 7.25073 9.30295 7.86362 9.66003C8.47652 10.0171 9.14537 10.1956 9.87019 10.1956ZM9.87019 3.19265C10.4138 3.19265 10.9148 3.32855 11.3731 3.60036C11.8315 3.87216 12.1939 4.23724 12.4603 4.69557C12.7268 5.15391 12.8601 5.65489 12.8601 6.1985C12.8601 6.74211 12.7268 7.24309 12.4603 7.70143C12.1939 8.15977 11.8315 8.52218 11.3731 8.78865C10.9148 9.05513 10.4138 9.18837 9.87019 9.18837C9.32658 9.18837 8.8256 9.05513 8.36726 8.78865C7.90892 8.52218 7.54385 8.15977 7.27204 7.70143C7.00024 7.24309 6.86433 6.74211 6.86433 6.1985C6.86433 5.65489 7.00024 5.15391 7.27204 4.69557C7.54385 4.23724 7.90892 3.87216 8.36726 3.60036C8.8256 3.32855 9.32658 3.19265 9.87019 3.19265ZM11.4531 11.6986H8.28732C7.30669 11.6986 6.39534 11.9437 5.55327 12.4341C4.73252 12.9137 4.08232 13.5586 3.60266 14.3687C3.11235 15.2107 2.86719 16.1221 2.86719 17.1027C2.86719 17.4012 2.97378 17.657 3.18696 17.8702C3.40014 18.0834 3.65596 18.1899 3.95441 18.1899H15.77C16.0791 18.1899 16.3376 18.0834 16.5454 17.8702C16.7533 17.657 16.8572 17.4012 16.8572 17.1027C16.8572 16.1221 16.612 15.2107 16.1217 14.3687C15.6421 13.5586 14.9919 12.9137 14.1711 12.4341C13.3397 11.9437 12.4337 11.6986 11.4531 11.6986ZM15.77 17.1986H3.95441C3.93309 17.1986 3.91444 17.188 3.89845 17.1667C3.88246 17.1454 3.87447 17.124 3.87447 17.1027C3.87447 16.3033 4.07166 15.5651 4.46605 14.8883C4.86043 14.2114 5.38805 13.6812 6.04892 13.2974C6.74176 12.8924 7.48789 12.6899 8.28732 12.6899H11.4371C12.2365 12.6899 12.9826 12.8924 13.6755 13.2974C14.3363 13.6812 14.8666 14.2114 15.2663 14.8883C15.6661 15.5651 15.8659 16.3033 15.8659 17.1027C15.8659 17.124 15.8553 17.1454 15.8339 17.1667C15.8126 17.188 15.7913 17.1986 15.77 17.1986Z\" fill=\"white\"\/>\n                            <\/svg>\n                            admin                        <\/span>\n                    <\/div>\n\n                    <h3 class=\"news-title\">\n                        <a href=\"https:\/\/tami.skydemo.vn\/ja\/blog-01\/\">\n                            Blog 01                        <\/a>\n                    <\/h3>\n\n                    <p class=\"desc\">\n                        Home \/ L\u1eadp tr\u00ecnh PLC S7 200 \u0111\u00e3 c\u00f3 kh\u00e1 l\u00e2u r\u1ed3i, tuy \u1edf c\u00e1c nh\u00e0 m\u00e1y, x\u01b0\u1edfng s\u1ea3n xu\u1ea5t \u00edt c\u00f2n s\u1eed d\u1ee5ng nh\u01b0ng trong c\u00e1c tr\u01b0\u1eddng \u0111\u1ea1i h\u1ecdc, cao \u0111\u1eb3ng, ngh\u1ec1 v\u1eabn c\u00f2n d\u00f9ng trong gi\u1ea3ng d\u1ea1y v\u00e0 t\u1ea1o b\u01b0\u1edbc ti\u1ec1n \u0111\u1ec1 cho sinh vi\u00ean l\u00e0m quen v\u1edbi chuy\u00ean ng\u00e0nh \u0111i\u1ec1u khi\u1ec3n l\u1eadp tr\u00ecnh.ALPHA TECH PLC\u00a0xin g\u1eedi t\u1edbi b\u1ea1n \u0111\u1ecdc\u00a0T\u00e0i li\u1ec7u:\u00a014 T\u1eadp L\u1ec7nh L\u1eadp Tr\u00ecnh PLC S7-200\u00a0g\u1ed3m:L\u1ec7nh Logic v\u1edbi bitL\u1ec7nh So s\u00e1nhL\u1ec7nh Chuy\u1ec3n \u0111\u1ed5iL\u1ec7nh \u0110\u1ecbnh th\u1eddiL\u1ec7nh B\u1ed9 \u0111\u1ebfmL\u1ec7nh d\u1ecbch chuy\u1ec3n \u00f4 nh\u1edbL\u1ec7nh v\u1edbi B\u1ea3ngL\u1ec7nh To\u00e1n s\u1ed1 h\u1ecdcL\u1ec7nh v\u00f2ng l\u1eb7p PIDL\u1ec7nh d\u1ecbch v\u00e0 quayL\u1ec7nh ph\u00e9p to\u00e1n LogicC\u00e1c l\u1ec7nh \u0111i\u1ec1u khi\u1ec3n ch\u01b0\u01a1ng tr\u00ecnhL\u1ec7nh ch\u01b0\u01a1ng tr\u00ecnh conL\u1ec7nh ng\u1eaft L\u1eadp tr\u00ecnh PLC S7 200 \u0111\u00e3 c\u00f3 kh\u00e1 l\u00e2u r\u1ed3i, tuy \u1edf c\u00e1c nh\u00e0 m\u00e1y, x\u01b0\u1edfng s\u1ea3n xu\u1ea5t \u00edt c\u00f2n s\u1eed d\u1ee5ng nh\u01b0ng trong c\u00e1c tr\u01b0\u1eddng \u0111\u1ea1i h\u1ecdc, cao \u0111\u1eb3ng, ngh\u1ec1 v\u1eabn c\u00f2n d\u00f9ng trong gi\u1ea3ng d\u1ea1y v\u00e0 t\u1ea1o b\u01b0\u1edbc ti\u1ec1n \u0111\u1ec1 cho sinh vi\u00ean l\u00e0m quen v\u1edbi chuy\u00ean ng\u00e0nh \u0111i\u1ec1u khi\u1ec3n l\u1eadp tr\u00ecnh.ALPHA TECH PLC\u00a0xin g\u1eedi t\u1edbi b\u1ea1n \u0111\u1ecdc\u00a0T\u00e0i li\u1ec7u:\u00a014 T\u1eadp L\u1ec7nh L\u1eadp Tr\u00ecnh PLC S7-200\u00a0g\u1ed3m:L\u1ec7nh Logic v\u1edbi bitL\u1ec7nh So s\u00e1nhL\u1ec7nh Chuy\u1ec3n \u0111\u1ed5iL\u1ec7nh \u0110\u1ecbnh th\u1eddiL\u1ec7nh B\u1ed9 \u0111\u1ebfmL\u1ec7nh d\u1ecbch chuy\u1ec3n \u00f4 nh\u1edbL\u1ec7nh v\u1edbi B\u1ea3ngL\u1ec7nh To\u00e1n s\u1ed1 h\u1ecdcL\u1ec7nh v\u00f2ng l\u1eb7p PIDL\u1ec7nh d\u1ecbch v\u00e0 quayL\u1ec7nh...                    <\/p>\n\n                    <a href=\"https:\/\/tami.skydemo.vn\/ja\/blog-01\/\" class=\"news-link\">\n                        Xem th\u00eam\n                    <\/a>\n                <\/div>\n            <\/div>\n\n            \n        \n    <\/div>\n\n<\/div>\n\n<\/div>\n\t\t\t\t\t\t<\/div>\n\t\t\t\t<\/div>\n\t\t\t\t\t<\/div>\n\t\t<\/div>\n\t\t\t\t\t<\/div>\n\t\t<\/section>\n\t\t\t\t<\/div>","protected":false},"excerpt":{"rendered":"<p>Trang ch\u1ee7 \/ T\u00c0I NGUY\u00caN \/ BLOG BLOG BLOG Blogs Kh\u00e1m ph\u00e1 th\u1ebf gi\u1edbi c\u00f4ng ngh\u1ec7 t\u01b0\u01a1ng lai v\u1edbi PC Control v\u00e0 Vision Technology. Chia s\u1ebb ki\u1ebfn th\u1ee9c, kinh nghi\u1ec7m v\u00e0 xu h\u01b0\u1edbng c\u00f4ng ngh\u1ec7 m\u1edbi nh\u1ea5t. B\u1eaft \u0111\u1ea7u vi\u1ebft Blog<\/p>","protected":false},"author":1,"featured_media":0,"parent":0,"menu_order":0,"comment_status":"closed","ping_status":"closed","template":"","meta":{"_acf_changed":false,"footnotes":""},"class_list":["post-70","page","type-page","status-publish","hentry"],"acf":[],"_links":{"self":[{"href":"https:\/\/tami.skydemo.vn\/ja\/wp-json\/wp\/v2\/pages\/70","targetHints":{"allow":["GET"]}}],"collection":[{"href":"https:\/\/tami.skydemo.vn\/ja\/wp-json\/wp\/v2\/pages"}],"about":[{"href":"https:\/\/tami.skydemo.vn\/ja\/wp-json\/wp\/v2\/types\/page"}],"author":[{"embeddable":true,"href":"https:\/\/tami.skydemo.vn\/ja\/wp-json\/wp\/v2\/users\/1"}],"replies":[{"embeddable":true,"href":"https:\/\/tami.skydemo.vn\/ja\/wp-json\/wp\/v2\/comments?post=70"}],"version-history":[{"count":0,"href":"https:\/\/tami.skydemo.vn\/ja\/wp-json\/wp\/v2\/pages\/70\/revisions"}],"wp:attachment":[{"href":"https:\/\/tami.skydemo.vn\/ja\/wp-json\/wp\/v2\/media?parent=70"}],"curies":[{"name":"wp","href":"https:\/\/api.w.org\/{rel}","templated":true}]}}